{"id":244,"date":"2015-01-04T23:02:15","date_gmt":"2015-01-04T23:02:15","guid":{"rendered":"https:\/\/ti.informatik.uni-leipzig.de\/ml-group\/?page_id=244"},"modified":"2018-06-26T11:20:46","modified_gmt":"2018-06-26T09:20:46","slug":"templates","status":"publish","type":"page","link":"https:\/\/nmi.informatik.uni-leipzig.de\/ml-group\/templates\/","title":{"rendered":"Vorlagen"},"content":{"rendered":"<h3>Bachelor-, Master und Diplomarbeiten<\/h3>\n<ul>\n<li>(Englisch, <a href=\"https:\/\/ti.informatik.uni-leipzig.de\/ml-group\/wp-content\/uploads\/2015\/01\/thesis_template.zip\">Deutsch<\/a>) Vorlage f\u00fcr LaTeX (neu 2014)<\/li>\n<\/ul>\n<h3>Vorlage f\u00fcr Hausarbeiten<\/h3>\n<ul>\n<li>(<a href=\"https:\/\/ti.informatik.uni-leipzig.de\/ml-group\/wp-content\/uploads\/2015\/01\/thesis_template.zip\">Englisch<\/a>, Deutsch) Vorlage f\u00fcr LaTeX<\/li>\n<\/ul>\n<p>&nbsp;<\/p>\n","protected":false},"excerpt":{"rendered":"<p>Bachelor-, Master und Diplomarbeiten (Englisch, Deutsch) Vorlage f\u00fcr LaTeX (neu 2014) Vorlage f\u00fcr Hausarbeiten (Englisch, Deutsch) Vorlage f\u00fcr LaTeX &nbsp;<\/p>\n","protected":false},"author":1,"featured_media":0,"parent":0,"menu_order":0,"comment_status":"closed","ping_status":"open","template":"single-templates.php","meta":{"_acf_changed":false,"footnotes":""},"acf":[],"_links":{"self":[{"href":"https:\/\/nmi.informatik.uni-leipzig.de\/ml-group\/wp-json\/wp\/v2\/pages\/244"}],"collection":[{"href":"https:\/\/nmi.informatik.uni-leipzig.de\/ml-group\/wp-json\/wp\/v2\/pages"}],"about":[{"href":"https:\/\/nmi.informatik.uni-leipzig.de\/ml-group\/wp-json\/wp\/v2\/types\/page"}],"author":[{"embeddable":true,"href":"https:\/\/nmi.informatik.uni-leipzig.de\/ml-group\/wp-json\/wp\/v2\/users\/1"}],"replies":[{"embeddable":true,"href":"https:\/\/nmi.informatik.uni-leipzig.de\/ml-group\/wp-json\/wp\/v2\/comments?post=244"}],"version-history":[{"count":9,"href":"https:\/\/nmi.informatik.uni-leipzig.de\/ml-group\/wp-json\/wp\/v2\/pages\/244\/revisions"}],"predecessor-version":[{"id":1464,"href":"https:\/\/nmi.informatik.uni-leipzig.de\/ml-group\/wp-json\/wp\/v2\/pages\/244\/revisions\/1464"}],"wp:attachment":[{"href":"https:\/\/nmi.informatik.uni-leipzig.de\/ml-group\/wp-json\/wp\/v2\/media?parent=244"}],"curies":[{"name":"wp","href":"https:\/\/api.w.org\/{rel}","templated":true}]}}