{"id":1971,"date":"2020-09-01T14:00:00","date_gmt":"2020-09-01T12:00:00","guid":{"rendered":"https:\/\/ti.informatik.uni-leipzig.de\/ml-group\/?page_id=1971"},"modified":"2020-09-11T14:01:39","modified_gmt":"2020-09-11T12:01:39","slug":"erklaerung-zur-barrierefreiheit","status":"publish","type":"page","link":"https:\/\/nmi.informatik.uni-leipzig.de\/ml-group\/erklaerung-zur-barrierefreiheit\/","title":{"rendered":"Erkl\u00e4rung zur Barrierefreiheit"},"content":{"rendered":"\n<p>Die Abteilung Neuromorphe Informationsverarbeitung ist bem\u00fcht, ihre Webseite(n) in \u00dcbereinstimmung mit S\u00e4chsischem Inklusionsgesetz (S\u00e4chsInklusG) und Barrierefreie-Websites-Gesetz (BfWebG) in Verbindung mit der Barrierefreie-Informationstechnik-Verordnung (BITV 2.0) barrierefrei zug\u00e4nglich zu machen. Diese Gesetze sind im Einklang mit der Richtlinie (EU) 2016\/2102 verfasst.<\/p>\n\n\n\n<p>Diese Erkl\u00e4rung zur Barrierefreiheit gilt f\u00fcr die Webseite der Abteilung Neuromorphe Informationsverarbeitung.<\/p>\n\n\n\n<h2 class=\"wp-block-heading\">Stand der Barrierefreiheit<\/h2>\n\n\n\n<p>Grundlage der Barrierefreiheit sind die international g\u00fcltigen Web Content Accessibility Guidelines (WCAG 2.1) auf Konformit\u00e4tsstufe AA und die europ\u00e4ische Norm EN 301 549, Version 3.1.1. F\u00fcr PDF-Dokumente wird zus\u00e4tzlich der internationale Standard PDF\/UA-1 beachtet.<\/p>\n\n\n\n<p>Diese Webseite ist nach den oben genannten Richtlinien nur teilweise barrierefrei.<\/p>\n\n\n\n<p>Diese Erkl\u00e4rung wurde zuletzt am 1. September 2020 aktualisiert.<\/p>\n\n\n\n<p>Den Stand der Barrierefreiheit ermitteln wir kontinuierlich durch eigene Pr\u00fcfung. <\/p>\n\n\n\n<h2 class=\"wp-block-heading\">Feedback und Kontaktangaben<\/h2>\n\n\n\n<p>Wenn Ihnen M\u00e4ngel zur Barrierefreiheit an unserer Webseite auffallen oder wenn Sie Informationen zu nicht barrierefreien Inhalten ben\u00f6tigen, k\u00f6nnen Sie sich an uns wenden:<\/p>\n\n\n\n<p>Prof. Dr. Martin Bogdan<br>Universit\u00e4t Leipzig<br>Fakult\u00e4t f\u00fcr Mathematik und Informatik<br>Lehrstuhl Neuromorphe Informationsverarbeitung<br>Augustusplatz 10, Raum P 531<br>04109 Leipzig<\/p>\n\n\n\n<p>Postanschrift: Postfach 10 09 20, 04009 Leipzig<\/p>\n\n\n\n<p>Wir werden versuchen, die mitgeteilten M\u00e4ngel zu beseitigen bzw. Ihnen nicht zug\u00e4ngliche Informationen in barrierefreier Form zur Verf\u00fcgung zu stellen.<\/p>\n\n\n\n<h2 class=\"wp-block-heading\">Durchsetzungsverfahren<\/h2>\n\n\n\n<p>Sollte auf Ihre Anfrage zur Barrierefreiheit unserer Webseite unter oben genanntem Kontakt keine zufriedenstellende L\u00f6sung gefunden werden, k\u00f6nnen Sie sich an die S\u00e4chsische Durchsetzungsstelle wenden. Die Durchsetzungsstelle unterst\u00fctzt eine au\u00dfergerichtliche Streitbeilegung, wenn Konflikte zwischen \u00f6ffentlichen Stellen in Sachsen und Menschen mit Behinderungen auftreten. Dieses Schlichtungsverfahren ist kostenlos. Die Einschaltung eines Rechtsbeistands ist nicht erforderlich. Sie erreichen die Durchsetzungsstelle unter folgenden Kontaktangaben:<\/p>\n\n\n\n<p>Beauftragter der S\u00e4chsischen Staatsregierung f\u00fcr die Belange von Menschen mit Behinderungen<br>Albertstra\u00dfe 10, 01097 Dresden<\/p>\n\n\n\n<p>Postanschrift: Archivstra\u00dfe 1, 01097 Dresden<br>E-Mail: <a href=\"&#109;&#x61;&#x69;l&#116;&#x6f;:&#105;&#x6e;f&#111;&#x2e;b&#101;&#x68;&#x69;&#110;&#x64;&#x65;r&#116;&#x65;n&#98;&#x65;a&#117;&#x66;&#x74;&#114;&#x61;&#x67;t&#101;&#x72;&#64;&#115;&#x6b;&#46;&#115;&#x61;c&#104;&#x73;&#x65;&#110;&#x2e;&#x64;e\">&#x69;n&#x66;&#111;&#x2e;&#98;e&#x68;&#105;&#x6e;&#100;e&#x72;&#116;&#x65;&#110;b&#x65;a&#x75;&#102;&#x74;&#x72;a&#x67;&#116;&#x65;&#114;&#64;&#x73;&#107;&#x2e;&#115;a&#x63;h&#x73;&#101;n&#x2e;d&#x65;<\/a><br>Telefon: 0351 564-12161<br>Fax: 0351 564-12169<br>Webseite: <a href=\"https:\/\/www.inklusion.sachsen.de\/\">https:\/\/www.inklusion.sachsen.de<\/a><\/p>\n","protected":false},"excerpt":{"rendered":"<p>Die Abteilung Neuromorphe Informationsverarbeitung ist bem\u00fcht, ihre Webseite(n) in \u00dcbereinstimmung mit S\u00e4chsischem Inklusionsgesetz (S\u00e4chsInklusG) und Barrierefreie-Websites-Gesetz (BfWebG) in Verbindung mit der Barrierefreie-Informationstechnik-Verordnung (BITV 2.0) barrierefrei zug\u00e4nglich zu machen. Diese Gesetze sind im Einklang mit der Richtlinie (EU) 2016\/2102 verfasst. Diese Erkl\u00e4rung zur Barrierefreiheit gilt f\u00fcr die Webseite der Abteilung Neuromorphe Informationsverarbeitung. Stand der Barrierefreiheit Grundlage [&hellip;]<\/p>\n","protected":false},"author":3,"featured_media":0,"parent":0,"menu_order":0,"comment_status":"closed","ping_status":"closed","template":"","meta":{"_acf_changed":false,"footnotes":""},"acf":[],"_links":{"self":[{"href":"https:\/\/nmi.informatik.uni-leipzig.de\/ml-group\/wp-json\/wp\/v2\/pages\/1971"}],"collection":[{"href":"https:\/\/nmi.informatik.uni-leipzig.de\/ml-group\/wp-json\/wp\/v2\/pages"}],"about":[{"href":"https:\/\/nmi.informatik.uni-leipzig.de\/ml-group\/wp-json\/wp\/v2\/types\/page"}],"author":[{"embeddable":true,"href":"https:\/\/nmi.informatik.uni-leipzig.de\/ml-group\/wp-json\/wp\/v2\/users\/3"}],"replies":[{"embeddable":true,"href":"https:\/\/nmi.informatik.uni-leipzig.de\/ml-group\/wp-json\/wp\/v2\/comments?post=1971"}],"version-history":[{"count":1,"href":"https:\/\/nmi.informatik.uni-leipzig.de\/ml-group\/wp-json\/wp\/v2\/pages\/1971\/revisions"}],"predecessor-version":[{"id":1972,"href":"https:\/\/nmi.informatik.uni-leipzig.de\/ml-group\/wp-json\/wp\/v2\/pages\/1971\/revisions\/1972"}],"wp:attachment":[{"href":"https:\/\/nmi.informatik.uni-leipzig.de\/ml-group\/wp-json\/wp\/v2\/media?parent=1971"}],"curies":[{"name":"wp","href":"https:\/\/api.w.org\/{rel}","templated":true}]}}